{"id":680,"date":"2025-06-23T17:23:43","date_gmt":"2025-06-23T15:23:43","guid":{"rendered":"https:\/\/informacionoficial.mendoza.gob.ar\/turismo\/?page_id=680"},"modified":"2025-12-11T09:40:34","modified_gmt":"2025-12-11T12:40:34","slug":"informacion-institucional-emetur","status":"publish","type":"page","link":"https:\/\/informacionoficial.mendoza.gob.ar\/turismo\/informacion-institucional-emetur\/","title":{"rendered":"Informaci\u00f3n Institucional EMETUR"},"content":{"rendered":"<p>[et_pb_section fb_built=\u00bb1&#8243; _builder_version=\u00bb4.27.2&#8243; _module_preset=\u00bbdefault\u00bb custom_margin=\u00bb0px||0px||false|false\u00bb custom_padding=\u00bb0px||0px||false|false\u00bb global_colors_info=\u00bb{}\u00bb][et_pb_row _builder_version=\u00bb4.27.4&#8243; _module_preset=\u00bbdefault\u00bb max_width=\u00bb100%\u00bb global_colors_info=\u00bb{}\u00bb][et_pb_column type=\u00bb4_4&#8243; _builder_version=\u00bb4.27.4&#8243; _module_preset=\u00bbdefault\u00bb global_colors_info=\u00bb{}\u00bb][et_pb_post_title meta=\u00bboff\u00bb featured_image=\u00bboff\u00bb _builder_version=\u00bb4.27.4&#8243; _module_preset=\u00bbdefault\u00bb title_text_align=\u00bbcenter\u00bb title_text_color=\u00bb#666666&#8243; global_colors_info=\u00bb{}\u00bb][\/et_pb_post_title][\/et_pb_column][\/et_pb_row][\/et_pb_section][et_pb_section fb_built=\u00bb1&#8243; _builder_version=\u00bb4.27.2&#8243; _module_preset=\u00bbdefault\u00bb custom_margin=\u00bb0px||0px||false|false\u00bb custom_padding=\u00bb0px||0px||false|false\u00bb global_colors_info=\u00bb{}\u00bb][et_pb_row _builder_version=\u00bb4.27.4&#8243; _module_preset=\u00bbdefault\u00bb max_width=\u00bb100%\u00bb global_colors_info=\u00bb{}\u00bb][et_pb_column type=\u00bb4_4&#8243; _builder_version=\u00bb4.27.4&#8243; _module_preset=\u00bbdefault\u00bb global_colors_info=\u00bb{}\u00bb][et_pb_heading title=\u00bbMisi\u00f3n\u00bb _builder_version=\u00bb4.27.2&#8243; _module_preset=\u00bbdefault\u00bb title_level=\u00bbh2&#8243; title_text_align=\u00bbcenter\u00bb background_color=\u00bb#C8A977&#8243; custom_margin=\u00bb0px||0px||false|false\u00bb custom_padding=\u00bb1em||1em||false|false\u00bb title_text_shadow_style=\u00bbpreset1&#8243; border_radii=\u00bboff|15px|15px||\u00bb global_colors_info=\u00bb{}\u00bb][\/et_pb_heading][et_pb_text _builder_version=\u00bb4.27.4&#8243; _module_preset=\u00bbdefault\u00bb custom_margin=\u00bb0px||0px||false|false\u00bb custom_padding=\u00bb1em|1em|1em|1em|false|false\u00bb border_radii=\u00bboff|||15px|15px\u00bb border_width_all=\u00bb1px\u00bb global_colors_info=\u00bb{}\u00bb]<\/p>\n<p>Formular pol\u00edticas y acciones estrat\u00e9gicas tendientes a incentivar actividades que impulsen el desarrollo tur\u00edstico provincial, fiscalizando la aplicaci\u00f3n de la normativa vigente para optimizar la calidad de las prestaciones y realizando acciones tendientes a fomentar el turismo receptivo local, nacional e internacional.<\/p>\n<p>[\/et_pb_text][\/et_pb_column][\/et_pb_row][et_pb_row _builder_version=\u00bb4.27.4&#8243; _module_preset=\u00bbdefault\u00bb max_width=\u00bb100%\u00bb global_colors_info=\u00bb{}\u00bb][et_pb_column type=\u00bb4_4&#8243; _builder_version=\u00bb4.27.4&#8243; _module_preset=\u00bbdefault\u00bb global_colors_info=\u00bb{}\u00bb][et_pb_heading title=\u00bbVisi\u00f3n\u00bb _builder_version=\u00bb4.27.4&#8243; _module_preset=\u00bbdefault\u00bb title_level=\u00bbh2&#8243; title_text_align=\u00bbcenter\u00bb background_color=\u00bb#C8A977&#8243; custom_margin=\u00bb0px||0px||false|false\u00bb custom_padding=\u00bb1em||1em||false|false\u00bb title_text_shadow_style=\u00bbpreset1&#8243; border_radii=\u00bboff|15px|15px||\u00bb global_colors_info=\u00bb{}\u00bb][\/et_pb_heading][et_pb_text _builder_version=\u00bb4.27.4&#8243; _module_preset=\u00bbdefault\u00bb custom_margin=\u00bb0px||0px||false|false\u00bb custom_padding=\u00bb1em|1em|1em|1em|false|false\u00bb border_radii=\u00bboff|||15px|15px\u00bb border_width_all=\u00bb1px\u00bb global_colors_info=\u00bb{}\u00bb]<\/p>\n<p><span style=\"font-weight: 400\">Posicionar a Mendoza como un Destino Tur\u00edstico Inteligente de referencia, apoyado en una infraestructura tecnol\u00f3gica de vanguardia que garantice el desarrollo sostenible del territorio tur\u00edstico. Adem\u00e1s, promover la accesibilidad, facilitar la interacci\u00f3n e integraci\u00f3n del visitante con el entorno, mejorar la calidad de su experiencia en el destino y contribuir al bienestar de los residentes.<\/span><\/p>\n<p>[\/et_pb_text][\/et_pb_column][\/et_pb_row][et_pb_row _builder_version=\u00bb4.27.4&#8243; _module_preset=\u00bbdefault\u00bb max_width=\u00bb100%\u00bb global_colors_info=\u00bb{}\u00bb][et_pb_column type=\u00bb4_4&#8243; _builder_version=\u00bb4.27.4&#8243; _module_preset=\u00bbdefault\u00bb global_colors_info=\u00bb{}\u00bb][et_pb_heading title=\u00bbOrganigrama\u00bb _builder_version=\u00bb4.27.4&#8243; _module_preset=\u00bbdefault\u00bb title_level=\u00bbh2&#8243; title_text_align=\u00bbcenter\u00bb background_color=\u00bb#C8A977&#8243; custom_margin=\u00bb0px||0px||false|false\u00bb custom_padding=\u00bb1em||1em||false|false\u00bb title_text_shadow_style=\u00bbpreset1&#8243; border_radii=\u00bboff|15px|15px||\u00bb global_colors_info=\u00bb{}\u00bb][\/et_pb_heading][et_pb_toggle title=\u00bbVer\u00bb open_toggle_text_color=\u00bbRGBA(255,255,255,0)\u00bb icon_color=\u00bb#666666&#8243; toggle_icon=\u00bb&#x3b;||divi||400&#8243; use_icon_font_size=\u00bbon\u00bb icon_font_size=\u00bb25px\u00bb open_icon_color=\u00bb#000F9F\u00bb _builder_version=\u00bb4.27.4&#8243; _module_preset=\u00bbdefault\u00bb text_orientation=\u00bbcenter\u00bb custom_margin=\u00bb0px||0px||false|false\u00bb border_radii=\u00bboff|||15px|15px\u00bb global_colors_info=\u00bb{}\u00bb]<\/p>\n<p><img loading=\"lazy\" decoding=\"async\" src=\"https:\/\/mza-dicaws-portal-uploads-media-prod.s3.amazonaws.com\/informacion-oficial\/uploads\/sites\/18\/2025\/07\/Organigrama-Ente-Mendoza-Turismo.png\" width=\"843\" height=\"446\" alt=\"\" class=\"wp-image-1485 alignnone size-full\" srcset=\"https:\/\/mza-dicaws-portal-uploads-media-prod.s3.amazonaws.com\/informacion-oficial\/uploads\/sites\/18\/2025\/07\/Organigrama-Ente-Mendoza-Turismo.png 843w, https:\/\/mza-dicaws-portal-uploads-media-prod.s3.amazonaws.com\/informacion-oficial\/uploads\/sites\/18\/2025\/07\/Organigrama-Ente-Mendoza-Turismo-480x254.png 480w\" sizes=\"(min-width: 0px) and (max-width: 480px) 480px, (min-width: 481px) 843px, 100vw\" \/><\/p>\n<p>[\/et_pb_toggle][\/et_pb_column][\/et_pb_row][\/et_pb_section][et_pb_section fb_built=\u00bb1&#8243; _builder_version=\u00bb4.27.2&#8243; _module_preset=\u00bbdefault\u00bb min_height=\u00bb848px\u00bb custom_margin=\u00bb0px||0px||false|false\u00bb custom_padding=\u00bb0px||0px||false|false\u00bb global_colors_info=\u00bb{}\u00bb][et_pb_row _builder_version=\u00bb4.27.4&#8243; _module_preset=\u00bbdefault\u00bb max_width=\u00bb100%\u00bb global_colors_info=\u00bb{}\u00bb][et_pb_column type=\u00bb4_4&#8243; _builder_version=\u00bb4.27.4&#8243; _module_preset=\u00bbdefault\u00bb global_colors_info=\u00bb{}\u00bb][et_pb_heading title=\u00bbPlan estrat\u00e9gico\u00bb _builder_version=\u00bb4.27.2&#8243; _module_preset=\u00bbdefault\u00bb title_level=\u00bbh2&#8243; title_text_align=\u00bbcenter\u00bb background_color=\u00bb#C8A977&#8243; custom_margin=\u00bb0px||0px||false|false\u00bb custom_padding=\u00bb1em||1em||false|false\u00bb title_text_shadow_style=\u00bbpreset1&#8243; border_radii=\u00bboff|15px|15px||\u00bb global_colors_info=\u00bb{}\u00bb][\/et_pb_heading][et_pb_text _builder_version=\u00bb4.27.4&#8243; _module_preset=\u00bbdefault\u00bb custom_margin=\u00bb0px||0px||false|false\u00bb custom_padding=\u00bb1em|1em|1em|1em|false|false\u00bb border_radii=\u00bboff|||15px|15px\u00bb border_width_all=\u00bb1px\u00bb global_colors_info=\u00bb{}\u00bb]<\/p>\n<p><strong><span style=\"font-size: 14px\">Objetivo general de gesti\u00f3n<\/span><\/strong><\/p>\n<p><span style=\"font-weight: 400\">Consolidar la calidad y posicionamiento del destino enriqueciendo la oferta, mejorando la experiencia del visitante y contribuyendo al bienestar social y econ\u00f3mico de los residentes, tomando como modelo DTI.<br \/><\/span><\/p>\n<p><strong>Objetivos espec\u00edficos:<\/strong><\/p>\n<p><span style=\"font-weight: 400\">\u25cf Posicionar a Mendoza como un Destino Tur\u00edstico Inteligente de referencia, apoyado en una infraestructura tecnol\u00f3gica de vanguardia que garantice el desarrollo sostenible del territorio tur\u00edstico. Adem\u00e1s, promover la accesibilidad, facilitar la interacci\u00f3n e integraci\u00f3n del visitante con el entorno.<\/span><\/p>\n<p><span style=\"font-weight: 400\">\u25cf Fortalecer la articulaci\u00f3n entre el sector p\u00fablico y privado mediante procesos coordinados y estrategias integradas, que permitan una gesti\u00f3n eficiente del destino tur\u00edstico, promoviendo la participaci\u00f3n activa de todos los actores involucrados.<\/span><\/p>\n<p><span style=\"font-weight: 400\">\u25cf Adoptar enfoques innovadores en la planificaci\u00f3n y gesti\u00f3n tur\u00edstica, fomentando la creatividad y la mejora continua en los productos y servicios del destino para incrementar su competitividad y diferenciaci\u00f3n en el mercado.<\/span><\/p>\n<p><span style=\"font-weight: 400\">\u25cf Integrar herramientas y soluciones tecnol\u00f3gicas que optimicen la eficiencia operativa, mejoren la experiencia del turista y faciliten la toma de decisiones basadas en datos, promoviendo la digitalizaci\u00f3n del destino.<\/span><\/p>\n<p><span style=\"font-weight: 400\">\u25cf Fomentar la accesibilidad universal en la infraestructura, los servicios y la informaci\u00f3n tur\u00edstica, asegurando que el destino sea inclusivo y brinde igualdad de oportunidades para todos los visitantes, independientemente de sus capacidades.<\/span><\/p>\n<p><span style=\"font-weight: 400\">\u25cf Promover un desarrollo tur\u00edstico sostenible mediante la gesti\u00f3n eficiente de los recursos naturales y culturales, la reducci\u00f3n de impactos ambientales y la mejora de la calidad de vida de residentes y turistas, consolidando un modelo de turismo responsable y competitivo.<\/span><\/p>\n<p><span style=\"font-weight: 400\">\u25cf Consolidar una oferta tur\u00edstica diversa y de calidad en todo el territorio provincial, a trav\u00e9s del desarrollo de nuevos productos y experiencias, y del fortalecimiento de infraestructuras y servicios que permitan un aprovechamiento equilibrado, inclusivo y sostenible del patrimonio natural y cultural.<\/span><\/p>\n<p><span style=\"font-weight: 400\">\u25cf Fortalecer el posicionamiento de la marca Mendoza en los mercados nacionales e internacionales mediante acciones estrat\u00e9gicas de promoci\u00f3n que favorezcan la atracci\u00f3n de nuevos visitantes, la diversificaci\u00f3n de segmentos y la mejora cualitativa de la experiencia tur\u00edstica, consolidando su presencia como destino competitivo, deseado y reconocible a nivel global.<\/span><\/p>\n<p><span style=\"font-size: medium\"><a href=\"https:\/\/mza-dicaws-portal-uploads-media-prod.s3.amazonaws.com\/informacion-oficial\/uploads\/sites\/18\/2025\/12\/plan-gestion-2024-2027.pdf\"><strong>Plan de Gesti\u00f3n 2024-2027<\/strong><\/a><\/span><\/p>\n<p><span style=\"font-weight: 400\"><\/span><\/p>\n<p>[\/et_pb_text][\/et_pb_column][\/et_pb_row][et_pb_row _builder_version=\u00bb4.27.4&#8243; _module_preset=\u00bbdefault\u00bb max_width=\u00bb100%\u00bb min_height=\u00bb295.2px\u00bb custom_padding=\u00bb||0px|||\u00bb global_colors_info=\u00bb{}\u00bb][et_pb_column type=\u00bb4_4&#8243; _builder_version=\u00bb4.27.4&#8243; _module_preset=\u00bbdefault\u00bb global_colors_info=\u00bb{}\u00bb][et_pb_heading title=\u00bbInformaci\u00f3n de Car\u00e1cter General y Procedimental\u00bb _builder_version=\u00bb4.27.2&#8243; _module_preset=\u00bbdefault\u00bb title_level=\u00bbh2&#8243; title_text_align=\u00bbcenter\u00bb background_color=\u00bb#C8A977&#8243; custom_margin=\u00bb0px||0px||false|false\u00bb custom_padding=\u00bb1em||1em||false|false\u00bb title_text_shadow_style=\u00bbpreset1&#8243; border_radii=\u00bboff|15px|15px||\u00bb global_colors_info=\u00bb{}\u00bb][\/et_pb_heading][et_pb_text _builder_version=\u00bb4.27.4&#8243; _module_preset=\u00bbdefault\u00bb custom_margin=\u00bb0px||0px||false|false\u00bb custom_padding=\u00bb1em|1em|1em|1em|false|false\u00bb border_radii=\u00bboff|||15px|15px\u00bb border_width_all=\u00bb1px\u00bb global_colors_info=\u00bb{}\u00bb]<\/p>\n<ul>\n<li><a rel=\"noopener noreferrer\" href=\"https:\/\/mza-dicaws-portal-uploads-media-prod.s3.us-east-1.amazonaws.com\/informacion-oficial\/uploads\/sites\/18\/2025\/07\/LEY-9070-ACCESO-A-LA-INFORMACION-PUBLICA.pdf\" target=\"_blank\">TRANSPARENCIA ACTIVA \u2013 LEY 9070<\/a>\n<ul>\n<li>Funcionaria garante titular: Lic Grette Stuhldreher \/<span>\u00a0<\/span><a href=\"https:\/\/ticketsform.mendoza.gov.ar\/ticketsform\/servlet\/responderformulario?AIP_SOLICITUDINFORMACIONPUBLICA\" target=\"_blank\" rel=\"noreferrer noopener\">Buz\u00f3n de consultas y reclamos<\/a><\/li>\n<li><a rel=\"noreferrer noopener\" href=\"https:\/\/ticketsform.mendoza.gov.ar\/ticketsform\/servlet\/responderformulario?AIP_SOLICITUDINFORMACIONPUBLICA\" target=\"_blank\">Formulario en l\u00ednea para solicitar informaci\u00f3n p\u00fablica<\/a><\/li>\n<li><a rel=\"noreferrer noopener\" href=\"https:\/\/ticketsform.mendoza.gov.ar\/ticketsform\/servlet\/responderformulario?AIP_RECURSODEINCUMPLIMIENTO\" target=\"_blank\">Formulario en l\u00ednea para presentar recurso por incumplimiento ante la Auditor\u00eda de \u00c9tica P\u00fablica<\/a><\/li>\n<\/ul>\n<\/li>\n<li><a rel=\"noopener noreferrer\" href=\"https:\/\/eticapublica.mendoza.gov.ar\/welcome\/declaraciones?buscar_nombre=&amp;buscar_apellido=&amp;distribution_id=9&amp;buscar_cargo=&amp;buscar=Buscar\" target=\"_blank\">Declaraciones Juradas funcionarios<\/a><\/li>\n<li><a href=\"https:\/\/informacionoficial.mendoza.gob.ar\/turismo\/observatorio-turistico\/\"><span><\/span>Informaci\u00f3n de estad\u00edstica general<\/a><\/li>\n<li><a href=\"https:\/\/informacionoficial.mendoza.gob.ar\/turismo\/informacion-economica-para-ministerios\/\" target=\"_blank\" rel=\"noopener noreferrer\">Responsabilidad fiscal<\/a><\/li>\n<\/ul>\n<p>[\/et_pb_text][\/et_pb_column][\/et_pb_row][et_pb_row _builder_version=\u00bb4.27.4&#8243; _module_preset=\u00bbdefault\u00bb custom_padding=\u00bb||0px|||\u00bb global_colors_info=\u00bb{}\u00bb][et_pb_column type=\u00bb4_4&#8243; _builder_version=\u00bb4.27.4&#8243; _module_preset=\u00bbdefault\u00bb global_colors_info=\u00bb{}\u00bb][\/et_pb_column][\/et_pb_row][\/et_pb_section]<\/p>\n","protected":false},"excerpt":{"rendered":"<p>Formular pol\u00edticas y acciones estrat\u00e9gicas tendientes a incentivar actividades que impulsen el desarrollo tur\u00edstico provincial, fiscalizando la aplicaci\u00f3n de la normativa vigente para optimizar la calidad de las prestaciones y realizando acciones tendientes a fomentar el turismo receptivo local, nacional e internacional.Posicionar a Mendoza como un Destino Tur\u00edstico Inteligente de referencia, apoyado en una infraestructura [&hellip;]<\/p>\n","protected":false},"author":60,"featured_media":0,"parent":0,"menu_order":0,"comment_status":"closed","ping_status":"closed","template":"","meta":{"_et_pb_use_builder":"on","_et_pb_old_content":"","_et_gb_content_width":"","footnotes":""},"class_list":["post-680","page","type-page","status-publish","hentry"],"_links":{"self":[{"href":"https:\/\/informacionoficial.mendoza.gob.ar\/turismo\/wp-json\/wp\/v2\/pages\/680","targetHints":{"allow":["GET"]}}],"collection":[{"href":"https:\/\/informacionoficial.mendoza.gob.ar\/turismo\/wp-json\/wp\/v2\/pages"}],"about":[{"href":"https:\/\/informacionoficial.mendoza.gob.ar\/turismo\/wp-json\/wp\/v2\/types\/page"}],"author":[{"embeddable":true,"href":"https:\/\/informacionoficial.mendoza.gob.ar\/turismo\/wp-json\/wp\/v2\/users\/60"}],"replies":[{"embeddable":true,"href":"https:\/\/informacionoficial.mendoza.gob.ar\/turismo\/wp-json\/wp\/v2\/comments?post=680"}],"version-history":[{"count":23,"href":"https:\/\/informacionoficial.mendoza.gob.ar\/turismo\/wp-json\/wp\/v2\/pages\/680\/revisions"}],"predecessor-version":[{"id":2501,"href":"https:\/\/informacionoficial.mendoza.gob.ar\/turismo\/wp-json\/wp\/v2\/pages\/680\/revisions\/2501"}],"wp:attachment":[{"href":"https:\/\/informacionoficial.mendoza.gob.ar\/turismo\/wp-json\/wp\/v2\/media?parent=680"}],"curies":[{"name":"wp","href":"https:\/\/api.w.org\/{rel}","templated":true}]}}