{"id":689,"date":"2025-07-03T20:56:32","date_gmt":"2025-07-03T18:56:32","guid":{"rendered":"https:\/\/informacionoficial.mendoza.gob.ar\/turismo\/?page_id=689"},"modified":"2026-04-20T19:39:40","modified_gmt":"2026-04-20T22:39:40","slug":"atencion-ciudadana-emetur","status":"publish","type":"page","link":"https:\/\/informacionoficial.mendoza.gob.ar\/turismo\/atencion-ciudadana-emetur\/","title":{"rendered":"Atenci\u00f3n Ciudadana EMETUR"},"content":{"rendered":"<p>[et_pb_section fb_built=\u00bb1&#8243; _builder_version=\u00bb4.27.4&#8243; _module_preset=\u00bbdefault\u00bb background_color=\u00bb#f2f2f2&#8243; custom_margin=\u00bb||||false|false\u00bb custom_padding=\u00bb1rem||1rem||false|false\u00bb global_colors_info=\u00bb{}\u00bb][et_pb_row _builder_version=\u00bb4.27.4&#8243; _module_preset=\u00bbdefault\u00bb custom_margin=\u00bb1rem||||false|false\u00bb custom_padding=\u00bb1rem||1rem||false|false\u00bb locked=\u00bboff\u00bb global_colors_info=\u00bb{}\u00bb][et_pb_column type=\u00bb4_4&#8243; _builder_version=\u00bb4.27.4&#8243; _module_preset=\u00bbdefault\u00bb global_colors_info=\u00bb{}\u00bb][et_pb_post_title meta=\u00bboff\u00bb featured_image=\u00bboff\u00bb _builder_version=\u00bb4.27.4&#8243; _module_preset=\u00bbdefault\u00bb title_font=\u00bb|700|||||||\u00bb title_text_align=\u00bbcenter\u00bb title_text_color=\u00bb#000000&#8243; title_font_size=\u00bb30px\u00bb background_color=\u00bb#FFFFFF\u00bb module_alignment=\u00bbcenter\u00bb custom_margin=\u00bb0px||0px||false|false\u00bb custom_padding=\u00bb1em||1em||false|false\u00bb title_font_size_tablet=\u00bb30px\u00bb title_font_size_phone=\u00bb26px\u00bb title_font_size_last_edited=\u00bbon|phone\u00bb border_radii=\u00bbon|15px|15px|15px|15px\u00bb box_shadow_style=\u00bbpreset1&#8243; global_colors_info=\u00bb{}\u00bb][\/et_pb_post_title][\/et_pb_column][\/et_pb_row][et_pb_row _builder_version=\u00bb4.27.4&#8243; _module_preset=\u00bbdefault\u00bb global_colors_info=\u00bb{}\u00bb][et_pb_column type=\u00bb4_4&#8243; _builder_version=\u00bb4.27.4&#8243; _module_preset=\u00bbdefault\u00bb global_colors_info=\u00bb{}\u00bb][et_pb_code _builder_version=\u00bb4.27.4&#8243; _module_preset=\u00bbdefault\u00bb width=\u00bb100%\u00bb max_width=\u00bb100%\u00bb custom_css_free_form=\u00bb.custom-search-form {||    text-align: center;||    margin: 20px auto;||    max-width: 80%;||    border: 1px solid #ccc;||    padding: 20px 4px;||    border-radius: 50px;||    font-size: 20px;||    box-shadow: 0 4px 8px rgba(0, 0, 0, 0.1);||    background: white;||    display: flex;||    flex-wrap: wrap;||    justify-content: center;||    gap: 10px;||}||||.custom-search-input {||    padding: 10px;||    width: 70%;||    border: none !important;||    background: transparent;||    border-radius: 50px;||    font-size: 20px;||}||||.custom-search-button {||    padding: 15px 20px 15px  20px;||    border: none;||    border-radius: 40px;||    background: rgb(223, 172, 107);||    color: white;||    font-size: 15px;||    cursor: pointer;||  \twidth:100px;||}||.custom-search-button img{||  display:none;||}||||||\/* Estilos responsive para m\u00f3viles *\/||@media screen and (max-width: 768px) {||    .custom-search-input {||        width: 70%;||        font-size: 18px;||    }||  .custom-search-input::placeholder {||    font-size: 12px;||}||||    .custom-search-button {||        width: 20%;||        padding: 15px;||        font-size: 16px;||    }||  .custom-search-button img{||    width:20px;||    display:flex||  }|| .custom-search-button p{||    display: none;||  }||    .custom-search-form {||        padding: 10px;||        font-size: 18px;||    }||}||\u00bb global_colors_info=\u00bb{}\u00bb]\n    <form method=\"get\" action=\"https:\/\/atencionciudadana.mendoza.gob.ar\/\" class=\"custom-search-form\">\n        <input type=\"text\" name=\"s\" placeholder=\"\u00bfQu\u00e9 tr\u00e1mite necesit\u00e1s?\" class=\"custom-search-input\" value=\"\" required>\n        <button type=\"submit\" class=\"custom-search-button\"><p>Buscar<\/p><image src=\"http:\/\/atencionciudadana.mendoza.gob.ar\/wp-content\/uploads\/2025\/06\/Diseno_sin_titulo__1_-removebg-preview.png\" alt=\"buscar\"\/><\/button>\n    <\/form>\n\n\n    [\/et_pb_code][\/et_pb_column][\/et_pb_row][et_pb_row column_structure=\u00bb1_3,1_3,1_3&#8243; use_custom_gutter=\u00bbon\u00bb gutter_width=\u00bb2&#8243; make_equal=\u00bbon\u00bb _builder_version=\u00bb4.27.4&#8243; _module_preset=\u00bbdefault\u00bb custom_margin=\u00bb0px||0px||false|false\u00bb custom_padding=\u00bb1rem||1rem||true|false\u00bb locked=\u00bboff\u00bb global_colors_info=\u00bb{}\u00bb][et_pb_column type=\u00bb1_3&#8243; _builder_version=\u00bb4.27.4&#8243; _module_preset=\u00bbdefault\u00bb custom_padding=\u00bb1em||||false|false\u00bb global_colors_info=\u00bb{}\u00bb][et_pb_text module_id=\u00bbcultura\u00bb _builder_version=\u00bb4.27.4&#8243; _module_preset=\u00bbdefault\u00bb text_font=\u00bb|600|||||||\u00bb text_text_color=\u00bb#FFFFFF\u00bb text_font_size=\u00bb20px\u00bb background_color=\u00bb#3CB4E5&#8243; custom_margin=\u00bb0px||0px||true|false\u00bb custom_padding=\u00bb1rem||1rem||true|false\u00bb border_radii=\u00bboff|15px|15px||\u00bb global_colors_info=\u00bb{}\u00bb]<\/p>\n<p style=\"text-align: center\">Normalizaci\u00f3n de prestadores<\/p>\n<p>[\/et_pb_text][et_pb_toggle title=\u00bbInscribir Servicios\u00bb _builder_version=\u00bb4.27.4&#8243; _module_preset=\u00bbdefault\u00bb hover_enabled=\u00bb0&#8243; locked=\u00bboff\u00bb global_colors_info=\u00bb{}\u00bb sticky_enabled=\u00bb0&#8243;]<\/p>\n<ul>\n<li><a href=\"https:\/\/atencionciudadana.mendoza.gob.ar\/inscripcion-de-servicio-de-enoturismo\/\">Enoturismo<\/a><\/li>\n<li><a href=\"https:\/\/atencionciudadana.mendoza.gob.ar\/inscripcion-de-servicio-de-turismo-aventura\/\">Turismo Aventura<\/a><\/li>\n<li><a href=\"https:\/\/atencionciudadana.mendoza.gob.ar\/inscripcion-de-servicio-de-transporte-turistico\/\">Transporte Tur\u00edstico<\/a><\/li>\n<li><a href=\"https:\/\/atencionciudadana.mendoza.gob.ar\/inscripcion-de-servicio-de-gastronomia-turistica\/\">Gastronom\u00eda Tur\u00edstica<\/a><\/li>\n<li><a href=\"https:\/\/atencionciudadana.mendoza.gob.ar\/inscripcion-de-servicio-de-turismo-rural\/\">Servicio de Turismo Rural<\/a><a href=\"https:\/\/www.mendoza.gov.ar\/servicios\/salud\/certificacion-medica-conicet-dr-emilio-coni\/\"><\/a><\/li>\n<\/ul>\n<p>[\/et_pb_toggle][et_pb_toggle title=\u00bbInscribir Alojamiento\u00bb _builder_version=\u00bb4.27.4&#8243; _module_preset=\u00bbdefault\u00bb hover_enabled=\u00bb0&#8243; locked=\u00bboff\u00bb global_colors_info=\u00bb{}\u00bb sticky_enabled=\u00bb0&#8243;]<\/p>\n<ul>\n<li><a href=\"https:\/\/atencionciudadana.mendoza.gob.ar\/inscripcion-de-alojamiento-turistico\/\">Alojamiento Tur\u00edstico<\/a><\/li>\n<li><a href=\"https:\/\/atencionciudadana.mendoza.gob.ar\/inscripcion-de-propiedades-de-alquiler-temporario-pat\/\">Propiedades de Alquiler Temporario (PAT)<\/a><\/li>\n<\/ul>\n<p>[\/et_pb_toggle][et_pb_toggle title=\u00bbInscribir Profesionales\u00bb _builder_version=\u00bb4.27.4&#8243; _module_preset=\u00bbdefault\u00bb hover_enabled=\u00bb0&#8243; locked=\u00bboff\u00bb global_colors_info=\u00bb{}\u00bb sticky_enabled=\u00bb0&#8243;]<\/p>\n<ul>\n<li><a href=\"https:\/\/atencionciudadana.mendoza.gob.ar\/inscripcion-actualizacion-de-profesional-y-guia-turisticos\/\">Profesional y Gu\u00eda Tur\u00edsticos<\/a><\/li>\n<\/ul>\n<p>[\/et_pb_toggle][et_pb_toggle title=\u00bbInscribir Agencias \/ Centros\u00bb _builder_version=\u00bb4.27.4&#8243; _module_preset=\u00bbdefault\u00bb hover_enabled=\u00bb0&#8243; locked=\u00bboff\u00bb global_colors_info=\u00bb{}\u00bb sticky_enabled=\u00bb0&#8243;]<\/p>\n<ul>\n<li><a href=\"https:\/\/atencionciudadana.mendoza.gob.ar\/inscripcion-de-e-v-t-empresa-de-viajes-y-turismo\/\">Agencias de Viajes<\/a><\/li>\n<li>Centros de Esqu\u00ed y Parques de Nieve<\/li>\n<\/ul>\n<p>[\/et_pb_toggle][et_pb_toggle title=\u00bbInscribir a Productos\u00bb _builder_version=\u00bb4.27.4&#8243; _module_preset=\u00bbdefault\u00bb hover_enabled=\u00bb0&#8243; locked=\u00bboff\u00bb global_colors_info=\u00bb{}\u00bb sticky_enabled=\u00bb0&#8243;]<\/p>\n<ul>\n<li><a href=\"https:\/\/atencionciudadana.mendoza.gob.ar\/inscripcion-de-experiencia-turistica\/\">Experiencias Tur\u00edsticas<\/a><\/li>\n<\/ul>\n<p>[\/et_pb_toggle][\/et_pb_column][et_pb_column type=\u00bb1_3&#8243; _builder_version=\u00bb4.27.4&#8243; _module_preset=\u00bbdefault\u00bb custom_padding=\u00bb1em||||false|false\u00bb global_colors_info=\u00bb{}\u00bb][et_pb_text module_id=\u00bbcultura\u00bb _builder_version=\u00bb4.27.4&#8243; _module_preset=\u00bbdefault\u00bb text_font=\u00bb|600|||||||\u00bb text_text_color=\u00bb#FFFFFF\u00bb text_font_size=\u00bb20px\u00bb background_color=\u00bb#3CB4E5&#8243; custom_margin=\u00bb0px||0px||true|false\u00bb custom_padding=\u00bb1rem||1rem||true|false\u00bb border_radii=\u00bboff|15px|15px||\u00bb global_colors_info=\u00bb{}\u00bb]<\/p>\n<p style=\"text-align: center\">Gesti\u00f3n de listas<\/p>\n<p>[\/et_pb_text][et_pb_toggle title=\u00bbPrecios\u00bb _builder_version=\u00bb4.27.4&#8243; _module_preset=\u00bbdefault\u00bb locked=\u00bboff\u00bb global_colors_info=\u00bb{}\u00bb]<\/p>\n<ul>\n<li><a href=\"https:\/\/atencionciudadana.mendoza.gob.ar\/homologacion-de-listas-de-precios-enoturismo\/\">Homologaci\u00f3n de Precios Enoturismo<\/a><\/li>\n<li><a href=\"https:\/\/atencionciudadana.mendoza.gob.ar\/homologacion-de-listas-de-precios-gastronomia\/\">Homologaci\u00f3n de Precios Gastronom\u00eda<\/a><\/li>\n<li><a href=\"https:\/\/atencionciudadana.mendoza.gob.ar\/homologacion-de-listas-de-precios-alojamiento\/\">Homologaci\u00f3n de Precios Alojamiento<\/a><\/li>\n<\/ul>\n<p>[\/et_pb_toggle][et_pb_toggle title=\u00bbPasajeros\u00bb _builder_version=\u00bb4.27.4&#8243; _module_preset=\u00bbdefault\u00bb locked=\u00bboff\u00bb global_colors_info=\u00bb{}\u00bb]<\/p>\n<ul>\n<li><a href=\"https:\/\/atencionciudadana.mendoza.gob.ar\/gestion-lista-de-pasajeros-turisticos\/\">Gesti\u00f3n de Lista de Pasajeros tur\u00edsticos<\/a><\/li>\n<\/ul>\n<p>[\/et_pb_toggle][et_pb_text module_id=\u00bbcultura\u00bb _builder_version=\u00bb4.27.4&#8243; _module_preset=\u00bbdefault\u00bb text_font=\u00bb|600|||||||\u00bb text_text_color=\u00bb#FFFFFF\u00bb text_font_size=\u00bb20px\u00bb background_color=\u00bb#3CB4E5&#8243; custom_margin=\u00bb0px||0px||true|false\u00bb custom_padding=\u00bb1rem||1rem||true|false\u00bb border_radii=\u00bboff|15px|15px||\u00bb global_colors_info=\u00bb{}\u00bb]<\/p>\n<p style=\"text-align: center\">Financiamientos<\/p>\n<p>[\/et_pb_text][et_pb_toggle title=\u00bbFactibilidad Tur\u00edstica\u00bb _builder_version=\u00bb4.27.4&#8243; _module_preset=\u00bbdefault\u00bb locked=\u00bboff\u00bb global_colors_info=\u00bb{}\u00bb]<\/p>\n<ul>\n<li><a href=\"https:\/\/informacionoficial.mendoza.gob.ar\/turismo\/financiamiento\/\">Solicitud de Certificado de Factibilidad<\/a><\/li>\n<\/ul>\n<p>[\/et_pb_toggle][\/et_pb_column][et_pb_column type=\u00bb1_3&#8243; _builder_version=\u00bb4.27.4&#8243; _module_preset=\u00bbdefault\u00bb custom_padding=\u00bb1em||||false|false\u00bb global_colors_info=\u00bb{}\u00bb][et_pb_text module_id=\u00bbcultura\u00bb _builder_version=\u00bb4.27.4&#8243; _module_preset=\u00bbdefault\u00bb text_font=\u00bb|600|||||||\u00bb text_text_color=\u00bb#FFFFFF\u00bb text_font_size=\u00bb20px\u00bb background_color=\u00bb#3CB4E5&#8243; custom_margin=\u00bb0px||0px||true|false\u00bb custom_padding=\u00bb1rem||1rem||true|false\u00bb border_radii=\u00bboff|15px|15px||\u00bb global_colors_info=\u00bb{}\u00bb]<\/p>\n<p style=\"text-align: center\">Adhesi\u00f3n a Programas<\/p>\n<p>[\/et_pb_text][et_pb_toggle title=\u00bbVivencias Mendocinas\u00bb _builder_version=\u00bb4.27.4&#8243; _module_preset=\u00bbdefault\u00bb locked=\u00bboff\u00bb global_colors_info=\u00bb{}\u00bb]<\/p>\n<ul>\n<li><a href=\"https:\/\/mendoza.tur.ar\/wp-content\/uploads\/2024\/12\/Bases-y-Condiciones-OLIVA-BIEN.pdf\">Mendoza Oliva Bien<\/a><\/li>\n<li><a href=\"https:\/\/mendoza.tur.ar\/wp-content\/uploads\/2024\/12\/Bases-y-Condiciones-PAISAJES-CON-SABOR-v2.pdf\">Paisajes con Sabor a Mendoza<\/a><\/li>\n<li><a href=\"https:\/\/mendoza.tur.ar\/wp-content\/uploads\/2024\/12\/Bases-y-Condiciones-CASAS-Y-CASONAS.pdf\">Casas, Casonas y Altares<\/a><\/li>\n<li><a href=\"https:\/\/mendoza.tur.ar\/wp-content\/uploads\/2024\/12\/Bases-y-Condiciones-PATIOS-DE-CUYO.pdf\">Patios de Cuyo<\/a><\/li>\n<\/ul>\n<p>[\/et_pb_toggle][et_pb_toggle title=\u00bbMendoza VanLife\u00bb _builder_version=\u00bb4.27.4&#8243; _module_preset=\u00bbdefault\u00bb locked=\u00bboff\u00bb global_colors_info=\u00bb{}\u00bb]<\/p>\n<ul>\n<li><a href=\"https:\/\/docs.google.com\/forms\/d\/e\/1FAIpQLSdhc02759ZZiZQ--lvtVOxDvBZ4cPX74XmmSDtLc3DnMVi-fQ\/viewform?usp=sharing&amp;ouid=106850981717533713360\">Turismo para motorhomes<\/a><\/li>\n<\/ul>\n<p>[\/et_pb_toggle][\/et_pb_column][\/et_pb_row][\/et_pb_section]<\/p>\n","protected":false},"excerpt":{"rendered":"<p>\n    <form method=\"get\" action=\"https:\/\/atencionciudadana.mendoza.gob.ar\/\" class=\"custom-search-form\">\n        <input type=\"text\" name=\"s\" placeholder=\"\u00bfQu\u00e9 tr\u00e1mite necesit\u00e1s?\" class=\"custom-search-input\" value=\"\" required>\n        <button type=\"submit\" class=\"custom-search-button\"><p>Buscar<\/p><image src=\"http:\/\/atencionciudadana.mendoza.gob.ar\/wp-content\/uploads\/2025\/06\/Diseno_sin_titulo__1_-removebg-preview.png\" alt=\"buscar\"\/><\/button>\n    <\/form>\n\n\n    Normalizaci\u00f3n de prestadores Enoturismo Turismo Aventura Transporte Tur\u00edstico Gastronom\u00eda Tur\u00edstica Servicio de Turismo Rural Alojamiento Tur\u00edstico Propiedades de Alquiler Temporario (PAT) Profesional y Gu\u00eda Tur\u00edsticos Agencias de Viajes Centros de Esqu\u00ed y Parques de Nieve Experiencias Tur\u00edsticas Gesti\u00f3n de listas Homologaci\u00f3n de Precios Enoturismo Homologaci\u00f3n de Precios Gastronom\u00eda Homologaci\u00f3n de Precios Alojamiento Gesti\u00f3n de Lista [&hellip;]<\/p>\n","protected":false},"author":60,"featured_media":0,"parent":0,"menu_order":0,"comment_status":"closed","ping_status":"closed","template":"","meta":{"_et_pb_use_builder":"on","_et_pb_old_content":"","_et_gb_content_width":"","footnotes":""},"class_list":["post-689","page","type-page","status-publish","hentry"],"_links":{"self":[{"href":"https:\/\/informacionoficial.mendoza.gob.ar\/turismo\/wp-json\/wp\/v2\/pages\/689","targetHints":{"allow":["GET"]}}],"collection":[{"href":"https:\/\/informacionoficial.mendoza.gob.ar\/turismo\/wp-json\/wp\/v2\/pages"}],"about":[{"href":"https:\/\/informacionoficial.mendoza.gob.ar\/turismo\/wp-json\/wp\/v2\/types\/page"}],"author":[{"embeddable":true,"href":"https:\/\/informacionoficial.mendoza.gob.ar\/turismo\/wp-json\/wp\/v2\/users\/60"}],"replies":[{"embeddable":true,"href":"https:\/\/informacionoficial.mendoza.gob.ar\/turismo\/wp-json\/wp\/v2\/comments?post=689"}],"version-history":[{"count":20,"href":"https:\/\/informacionoficial.mendoza.gob.ar\/turismo\/wp-json\/wp\/v2\/pages\/689\/revisions"}],"predecessor-version":[{"id":3194,"href":"https:\/\/informacionoficial.mendoza.gob.ar\/turismo\/wp-json\/wp\/v2\/pages\/689\/revisions\/3194"}],"wp:attachment":[{"href":"https:\/\/informacionoficial.mendoza.gob.ar\/turismo\/wp-json\/wp\/v2\/media?parent=689"}],"curies":[{"name":"wp","href":"https:\/\/api.w.org\/{rel}","templated":true}]}}