{"id":1215,"date":"2025-08-12T11:14:13","date_gmt":"2025-08-12T14:14:13","guid":{"rendered":"https:\/\/informacionoficial.mendoza.gob.ar\/vialidad\/?page_id=1215"},"modified":"2025-11-12T15:19:59","modified_gmt":"2025-11-12T18:19:59","slug":"licitaciones","status":"publish","type":"page","link":"https:\/\/informacionoficial.mendoza.gob.ar\/vialidad\/licitaciones\/","title":{"rendered":"Licitaciones"},"content":{"rendered":"<p>[et_pb_section fb_built=\u00bb1&#8243; _builder_version=\u00bb4.27.4&#8243; _module_preset=\u00bbdefault\u00bb background_color=\u00bbgcid-a4fda198-bef7-493c-85aa-379acce5ffa5&#8243; hover_enabled=\u00bb0&#8243; global_colors_info=\u00bb{%22gcid-a4fda198-bef7-493c-85aa-379acce5ffa5%22:%91%22background_color%22%93}\u00bb sticky_enabled=\u00bb0&#8243;][et_pb_row _builder_version=\u00bb4.27.4&#8243; _module_preset=\u00bbdefault\u00bb global_colors_info=\u00bb{}\u00bb][et_pb_column type=\u00bb4_4&#8243; _builder_version=\u00bb4.27.4&#8243; _module_preset=\u00bbdefault\u00bb global_colors_info=\u00bb{}\u00bb][et_pb_accordion _builder_version=\u00bb4.27.4&#8243; _module_preset=\u00bbdefault\u00bb global_colors_info=\u00bb{}\u00bb][et_pb_accordion_item title=\u00bbLicitaciones\u00bb open=\u00bbon\u00bb _builder_version=\u00bb4.27.4&#8243; _module_preset=\u00bbdefault\u00bb global_colors_info=\u00bb{}\u00bb]<\/p>\n<p>Pliegos Generales:<\/p>\n<p><a href=\"https:\/\/mza-dicaws-portal-uploads-media-prod.s3.amazonaws.com\/informacion-oficial\/uploads\/sites\/20\/2025\/08\/Pliego-Gral-Tecnico-Completo.pdf\">Pliego General T\u00e9cnico Completo (Pliego de Especificaciones T\u00e9cnicas Generales PETG)<\/a><\/p>\n<p><a href=\"https:\/\/mza-dicaws-portal-uploads-media-prod.s3.amazonaws.com\/informacion-oficial\/uploads\/sites\/20\/2025\/08\/Pliego-General_Licitacion.pdf\">Pliego General Licitaci\u00f3n (Pliego General de Condiciones de la Licitaci\u00f3n y Formaci\u00f3n del Contrato)<\/a><\/p>\n<p><a href=\"https:\/\/mza-dicaws-portal-uploads-media-prod.s3.amazonaws.com\/informacion-oficial\/uploads\/sites\/20\/2025\/08\/ACTO-2025-03050397-GDEMZA-DPV-1.pdf\">Resoluci\u00f3n N\u00ba 448\/2025 Pliegos Ambientales<\/a><\/p>\n<p><a href=\"https:\/\/mza-dicaws-portal-uploads-media-prod.s3.amazonaws.com\/informacion-oficial\/uploads\/sites\/20\/2025\/08\/Pliegos-Ambientales-PETSA-y-PGAS.pdf\">Pliegos Ambientales PETSA y PGAS<\/a><\/p>\n<p>Consultas en Secretar\u00eda T\u00e9cnica al Tel: 54 &#8211; 261 &#8211; 4411904<\/p>\n<p>[\/et_pb_accordion_item][et_pb_accordion_item title=\u00bbAcceso a Pliegos\u00bb _builder_version=\u00bb4.27.4&#8243; _module_preset=\u00bbdefault\u00bb global_colors_info=\u00bb{}\u00bb open=\u00bboff\u00bb]<\/p>\n<p>Haga Clic sobre la Car\u00e1tula de la Licitaci\u00f3n o presione en leer m\u00e1s para ver toda la informaci\u00f3n de la misma y acceder a sus enlaces de Descarga.<\/p>\n<p>Tenga en cuenta que est\u00e1 p\u00e1gina muestra las Licitaciones Activas de la DPV en grupos ordenados por fecha, desde la m\u00e1s reciente a la m\u00e1s antigua, para ver anteriores, puede pulsar en entradas m\u00e1s antiguas.<\/p>\n<p>[\/et_pb_accordion_item][\/et_pb_accordion][\/et_pb_column][\/et_pb_row][et_pb_row _builder_version=\u00bb4.27.4&#8243; _module_preset=\u00bbdefault\u00bb global_colors_info=\u00bb{}\u00bb][et_pb_column type=\u00bb4_4&#8243; _builder_version=\u00bb4.27.4&#8243; _module_preset=\u00bbdefault\u00bb global_colors_info=\u00bb{}\u00bb][et_pb_blog fullwidth=\u00bboff\u00bb posts_number=\u00bb6&#8243; include_categories=\u00bb4&#8243; show_more=\u00bbon\u00bb show_author=\u00bboff\u00bb show_categories=\u00bboff\u00bb show_excerpt=\u00bboff\u00bb _builder_version=\u00bb4.27.4&#8243; _module_preset=\u00bbdefault\u00bb header_level=\u00bbh6&#8243; header_text_color=\u00bbRGBA(255,255,255,0)\u00bb header_font_size=\u00bb0px\u00bb body_line_height=\u00bb3em\u00bb global_colors_info=\u00bb{}\u00bb][\/et_pb_blog][\/et_pb_column][\/et_pb_row][\/et_pb_section]<\/p>\n","protected":false},"excerpt":{"rendered":"<p>Pliegos Generales: Pliego General T\u00e9cnico Completo (Pliego de Especificaciones T\u00e9cnicas Generales PETG) Pliego General Licitaci\u00f3n (Pliego General de Condiciones de la Licitaci\u00f3n y Formaci\u00f3n del Contrato) Resoluci\u00f3n N\u00ba 448\/2025 Pliegos Ambientales Pliegos Ambientales PETSA y PGAS Consultas en Secretar\u00eda T\u00e9cnica al Tel: 54 &#8211; 261 &#8211; 4411904Haga Clic sobre la Car\u00e1tula de la Licitaci\u00f3n o [&hellip;]<\/p>\n","protected":false},"author":14,"featured_media":0,"parent":0,"menu_order":0,"comment_status":"closed","ping_status":"closed","template":"","meta":{"_et_pb_use_builder":"on","_et_pb_old_content":"","_et_gb_content_width":"","footnotes":""},"class_list":["post-1215","page","type-page","status-publish","hentry"],"_links":{"self":[{"href":"https:\/\/informacionoficial.mendoza.gob.ar\/vialidad\/wp-json\/wp\/v2\/pages\/1215","targetHints":{"allow":["GET"]}}],"collection":[{"href":"https:\/\/informacionoficial.mendoza.gob.ar\/vialidad\/wp-json\/wp\/v2\/pages"}],"about":[{"href":"https:\/\/informacionoficial.mendoza.gob.ar\/vialidad\/wp-json\/wp\/v2\/types\/page"}],"author":[{"embeddable":true,"href":"https:\/\/informacionoficial.mendoza.gob.ar\/vialidad\/wp-json\/wp\/v2\/users\/14"}],"replies":[{"embeddable":true,"href":"https:\/\/informacionoficial.mendoza.gob.ar\/vialidad\/wp-json\/wp\/v2\/comments?post=1215"}],"version-history":[{"count":21,"href":"https:\/\/informacionoficial.mendoza.gob.ar\/vialidad\/wp-json\/wp\/v2\/pages\/1215\/revisions"}],"predecessor-version":[{"id":2045,"href":"https:\/\/informacionoficial.mendoza.gob.ar\/vialidad\/wp-json\/wp\/v2\/pages\/1215\/revisions\/2045"}],"wp:attachment":[{"href":"https:\/\/informacionoficial.mendoza.gob.ar\/vialidad\/wp-json\/wp\/v2\/media?parent=1215"}],"curies":[{"name":"wp","href":"https:\/\/api.w.org\/{rel}","templated":true}]}}