{"id":513,"date":"2025-06-23T12:31:03","date_gmt":"2025-06-23T15:31:03","guid":{"rendered":"https:\/\/informacionoficial.mendoza.gob.ar\/vialidad\/?page_id=513"},"modified":"2025-11-12T15:11:09","modified_gmt":"2025-11-12T18:11:09","slug":"informacionoficial","status":"publish","type":"page","link":"https:\/\/informacionoficial.mendoza.gob.ar\/vialidad\/informacionoficial\/","title":{"rendered":"Informaci\u00f3n Oficial"},"content":{"rendered":"<p>[et_pb_section fb_built=\u00bb1&#8243; _builder_version=\u00bb4.27.4&#8243; _module_preset=\u00bbdefault\u00bb background_enable_image=\u00bboff\u00bb background_blend=\u00bboverlay\u00bb background_video_mp4=\u00bbhttps:\/\/mza-dicaws-portal-uploads-media-prod.s3.amazonaws.com\/informacion-oficial\/uploads\/sites\/20\/2025\/08\/INFO-OFICIAL-MEDIDA-CORRECTA.mp4&#8243; background_video_width=\u00bb100%\u00bb background_video_height=\u00bb100%\u00bb allow_player_pause=\u00bbon\u00bb module_alignment=\u00bbcenter\u00bb min_height=\u00bb30em\u00bb min_height_tablet=\u00bb40em\u00bb min_height_phone=\u00bb25em\u00bb min_height_last_edited=\u00bbon|phone\u00bb max_height=\u00bb25em\u00bb custom_margin=\u00bb3px||-2px||false|false\u00bb custom_padding=\u00bb4px||||false|false\u00bb hover_enabled=\u00bb0&#8243; locked=\u00bboff\u00bb global_colors_info=\u00bb{%22gcid-a315a3bf-ae3f-4afc-9df9-868f1adc5c6f%22:%91%22background_color%22%93}\u00bb background_enable_color=\u00bboff\u00bb sticky_enabled=\u00bb0&#8243;][et_pb_row _builder_version=\u00bb4.27.2&#8243; _module_preset=\u00bbdefault\u00bb custom_margin=\u00bb5em|auto|1em|auto|false|false\u00bb custom_padding=\u00bb0em||2em||false|false\u00bb global_colors_info=\u00bb{}\u00bb][et_pb_column type=\u00bb4_4&#8243; _builder_version=\u00bb4.27.4&#8243; _module_preset=\u00bbdefault\u00bb global_colors_info=\u00bb{}\u00bb][et_pb_post_title meta=\u00bboff\u00bb featured_image=\u00bboff\u00bb text_color=\u00bblight\u00bb admin_label=\u00bbNombre del micrositio\u00bb _builder_version=\u00bb4.27.4&#8243; _dynamic_attributes=\u00bblink_option_url\u00bb _module_preset=\u00bbdefault\u00bb title_font=\u00bb|700|||||||\u00bb title_text_align=\u00bbcenter\u00bb title_font_size=\u00bb35px\u00bb background_color=\u00bbRGBA(255,255,255,0)\u00bb text_orientation=\u00bbcenter\u00bb custom_margin=\u00bb||||false|false\u00bb custom_padding=\u00bb1.5em||1.5em||true|false\u00bb animation_style=\u00bbfade\u00bb link_option_url=\u00bb@ET-DC@eyJkeW5hbWljIjp0cnVlLCJjb250ZW50IjoiaG9tZV91cmwiLCJzZXR0aW5ncyI6eyJlbmFibGVfaHRtbCI6Im9mZiJ9fQ==@\u00bb title_font_size_tablet=\u00bb70px\u00bb title_font_size_phone=\u00bb48px\u00bb title_font_size_last_edited=\u00bbon|phone\u00bb title_text_shadow_style=\u00bbpreset1&#8243; title_text_shadow_color=\u00bb#000000&#8243; global_colors_info=\u00bb{}\u00bb][\/et_pb_post_title][\/et_pb_column][\/et_pb_row][\/et_pb_section][et_pb_section fb_built=\u00bb1&#8243; _builder_version=\u00bb4.27.4&#8243; _module_preset=\u00bbdefault\u00bb background_color=\u00bbgcid-a4fda198-bef7-493c-85aa-379acce5ffa5&#8243; background_enable_image=\u00bboff\u00bb background_blend=\u00bboverlay\u00bb background_enable_video_mp4=\u00bboff\u00bb background_video_width=\u00bb100%\u00bb background_video_height=\u00bb100%\u00bb module_alignment=\u00bbcenter\u00bb min_height=\u00bb30em\u00bb custom_margin=\u00bb3px||-16px||false|false\u00bb custom_padding=\u00bb4px||16px||false|false\u00bb hover_enabled=\u00bb0&#8243; locked=\u00bboff\u00bb global_colors_info=\u00bb{%22gcid-a4fda198-bef7-493c-85aa-379acce5ffa5%22:%91%22background_color%22%93}\u00bb sticky_enabled=\u00bb0&#8243;][et_pb_row column_structure=\u00bb2_5,3_5&#8243; _builder_version=\u00bb4.27.4&#8243; _module_preset=\u00bbdefault\u00bb background_color=\u00bbgcid-a4fda198-bef7-493c-85aa-379acce5ffa5&#8243; custom_margin=\u00bb-70px||||false|false\u00bb custom_padding=\u00bb2em|2em|0px|2em|false|true\u00bb hover_enabled=\u00bb0&#8243; border_radii=\u00bbon|75px|75px|75px|75px\u00bb global_colors_info=\u00bb{%22gcid-a4fda198-bef7-493c-85aa-379acce5ffa5%22:%91%22background_color%22%93}\u00bb sticky_enabled=\u00bb0&#8243;][et_pb_column type=\u00bb2_5&#8243; _builder_version=\u00bb4.27.2&#8243; _module_preset=\u00bbdefault\u00bb background_color=\u00bb#FFFFFF\u00bb custom_padding=\u00bb||||false|false\u00bb border_radii=\u00bbon|66px|66px|66px|66px\u00bb global_colors_info=\u00bb{}\u00bb][et_pb_image src=\u00bbhttps:\/\/mza-dicaws-portal-uploads-media-prod.s3.us-east-1.amazonaws.com\/informacion-oficial\/uploads\/sites\/20\/2025\/08\/1DSC_8159-scaled.jpg\u00bb title_text=\u00bb1DSC_8159&#8243; align_tablet=\u00bbcenter\u00bb align_phone=\u00bbcenter\u00bb align_last_edited=\u00bbon|phone\u00bb admin_label=\u00bbImagen\u00bb _builder_version=\u00bb4.27.4&#8243; _module_preset=\u00bbdefault\u00bb global_colors_info=\u00bb{}\u00bb][\/et_pb_image][\/et_pb_column][et_pb_column type=\u00bb3_5&#8243; _builder_version=\u00bb4.27.2&#8243; _module_preset=\u00bbdefault\u00bb global_colors_info=\u00bb{}\u00bb][et_pb_text _builder_version=\u00bb4.27.4&#8243; _module_preset=\u00bbdefault\u00bb text_font=\u00bb||||||||\u00bb text_text_color=\u00bb#02000A\u00bb header_2_text_color=\u00bb#02000A\u00bb header_3_text_color=\u00bb#C8A977&#8243; header_3_line_height=\u00bb1.6em\u00bb global_colors_info=\u00bb{}\u00bb]<\/p>\n<h2>Ingeniero Osvaldo Romagnoli<\/h2>\n<h3>Administrador General<\/h3>\n<p style=\"text-align: justify\">Somos una herramienta esencial para Mendoza y los mendocinos. Somos la Repartici\u00f3n estatal que planifica, proyecta y construye las rutas de jurisdicci\u00f3n provincial; la que abre y mantiene caminos pavimentados y de suelo natural en el campo, en los desiertos y en las monta\u00f1as para que la producci\u00f3n, el comercio, la industria, el turismo y el desarrollo fluya en cada rinc\u00f3n de la provincia.<\/p>\n<p>[\/et_pb_text][et_pb_social_media_follow _builder_version=\u00bb4.27.4&#8243; _module_preset=\u00bbdefault\u00bb global_colors_info=\u00bb{}\u00bb][et_pb_social_media_follow_network social_network=\u00bbinstagram\u00bb url=\u00bbhttps:\/\/www.instagram.com\/vialidadmendoza\/#\u00bb _builder_version=\u00bb4.27.4&#8243; _module_preset=\u00bbdefault\u00bb background_color=\u00bb#C8A977&#8243; background_enable_color=\u00bbon\u00bb global_colors_info=\u00bb{}\u00bb follow_button=\u00bboff\u00bb url_new_window=\u00bbon\u00bb]instagram[\/et_pb_social_media_follow_network][\/et_pb_social_media_follow][\/et_pb_column][\/et_pb_row][et_pb_row _builder_version=\u00bb4.27.4&#8243; _module_preset=\u00bbdefault\u00bb custom_margin=\u00bb20px||20px||false|false\u00bb custom_margin_tablet=\u00bb20px||10px||false|false\u00bb custom_margin_phone=\u00bb20px||10px||false|false\u00bb custom_margin_last_edited=\u00bbon|desktop\u00bb custom_padding=\u00bb0px|0px|0px|0px|true|true\u00bb border_radii=\u00bbon|12px|12px|12px|12px\u00bb border_width_all=\u00bb2px\u00bb border_color_all=\u00bb#C8A977&#8243; global_colors_info=\u00bb{}\u00bb][et_pb_column type=\u00bb4_4&#8243; _builder_version=\u00bb4.27.4&#8243; _module_preset=\u00bbdefault\u00bb background_color=\u00bb#FFFFFF\u00bb global_colors_info=\u00bb{}\u00bb][et_pb_toggle title=\u00bbCurr\u00edculum Vitae\u00bb open_toggle_text_color=\u00bb#C8A977&#8243; open_toggle_background_color=\u00bbRGBA(255,255,255,0)\u00bb closed_toggle_text_color=\u00bb#C8A977&#8243; closed_toggle_background_color=\u00bbRGBA(255,255,255,0)\u00bb icon_color=\u00bb#C8A977&#8243; toggle_icon=\u00bb&#xe050;||divi||400&#8243; open_icon_color=\u00bb#C8A977&#8243; open_toggle_icon=\u00bb&#x21;||divi||400&#8243; admin_label=\u00bbConmutador\u00bb _builder_version=\u00bb4.27.4&#8243; _module_preset=\u00bbdefault\u00bb title_text_color=\u00bb#C8A977&#8243; body_font=\u00bb||||||||\u00bb body_text_color=\u00bb#02000A\u00bb background_color=\u00bb#C8A977&#8243; custom_padding=\u00bb||20px|||\u00bb border_width_all=\u00bb2px\u00bb border_color_all=\u00bb#C8A977&#8243; border_style_all=\u00bbnone\u00bb global_colors_info=\u00bb{}\u00bb]<\/p>\n<p><span>Ingeniero Civil, especialista en V\u00edas de comunicaci\u00f3n de la UNSJ. Naci\u00f3 en San Mart\u00edn, Mendoza, fue Gerente Operativo de la DPV; Jefe de Inspecci\u00f3n de Obra de Irrigaci\u00f3n; Jefe y Coordinador de Obras y Director de Obras del Ministerio de Ambiente y Obras P\u00fablicas; Subsecretario de Infraestructura Educativa de la DGE del Gobierno de Mendoza. Cuenta con una respetada trayectoria en la actividad privada en obras de alto calibre.<\/span><\/p>\n<p>&nbsp;<\/p>\n<p><a href=\"https:\/\/mza-dicaws-portal-uploads-media-prod.s3.amazonaws.com\/informacion-oficial\/uploads\/sites\/20\/2025\/08\/CV_MINISTRO-ROMAGNOLI_01-scaled.png\" target=\"_blank\" rel=\"noopener\">Enlace a curr\u00edculum completo<\/a><\/p>\n<p>[\/et_pb_toggle][\/et_pb_column][\/et_pb_row][\/et_pb_section][et_pb_section fb_built=\u00bb1&#8243; _builder_version=\u00bb4.27.4&#8243; _module_preset=\u00bbdefault\u00bb background_color=\u00bb#C8A977&#8243; custom_margin=\u00bb||-16px||false|false\u00bb custom_padding=\u00bb1em||1em||false|false\u00bb hover_enabled=\u00bb0&#8243; global_colors_info=\u00bb{}\u00bb sticky_enabled=\u00bb0&#8243;][et_pb_row _builder_version=\u00bb4.27.4&#8243; _module_preset=\u00bbdefault\u00bb custom_margin=\u00bb0px||||false|false\u00bb custom_padding=\u00bb1em||1em||false|false\u00bb border_radii=\u00bbon|14px|14px|14px|14px\u00bb global_colors_info=\u00bb{}\u00bb][et_pb_column type=\u00bb4_4&#8243; _builder_version=\u00bb4.27.2&#8243; _module_preset=\u00bbdefault\u00bb global_colors_info=\u00bb{}\u00bb][et_pb_heading title=\u00bbTransparencia\u00bb _builder_version=\u00bb4.27.4&#8243; _module_preset=\u00bbdefault\u00bb title_level=\u00bbh2&#8243; title_font=\u00bb|700|||||||\u00bb title_text_align=\u00bbcenter\u00bb title_text_color=\u00bbgcid-a315a3bf-ae3f-4afc-9df9-868f1adc5c6f\u00bb title_font_size=\u00bb34px\u00bb custom_margin=\u00bb0px||0px||true|false\u00bb custom_padding=\u00bb0px||0px||false|true\u00bb global_colors_info=\u00bb{%22gcid-a315a3bf-ae3f-4afc-9df9-868f1adc5c6f%22:%91%22title_text_color%22%93}\u00bb][\/et_pb_heading][\/et_pb_column][\/et_pb_row][et_pb_row column_structure=\u00bb1_3,1_3,1_3&#8243; use_custom_gutter=\u00bbon\u00bb _builder_version=\u00bb4.27.4&#8243; _module_preset=\u00bbdefault\u00bb background_color=\u00bb#C8A977&#8243; custom_margin=\u00bb||||false|false\u00bb border_radii=\u00bbon|14px|14px|14px|14px\u00bb border_width_right=\u00bb5px\u00bb border_color_right=\u00bb#C8A977&#8243; border_width_bottom=\u00bb5px\u00bb border_color_bottom=\u00bb#C8A977&#8243; border_width_left=\u00bb5px\u00bb border_color_left=\u00bb#C8A977&#8243; global_colors_info=\u00bb{}\u00bb][et_pb_column type=\u00bb1_3&#8243; _builder_version=\u00bb4.27.4&#8243; _module_preset=\u00bbdefault\u00bb global_colors_info=\u00bb{}\u00bb][et_pb_text _builder_version=\u00bb4.27.4&#8243; _dynamic_attributes=\u00bblink_option_url\u00bb _module_preset=\u00bbdefault\u00bb header_3_text_align=\u00bbcenter\u00bb header_3_text_color=\u00bb#C8A977&#8243; background_color=\u00bbgcid-a4fda198-bef7-493c-85aa-379acce5ffa5&#8243; transform_translate_linked=\u00bboff\u00bb custom_padding=\u00bb1em||0.5em||false|false\u00bb link_option_url=\u00bb@ET-DC@eyJkeW5hbWljIjp0cnVlLCJjb250ZW50IjoicG9zdF9saW5rX3VybF9wYWdlIiwic2V0dGluZ3MiOnsicG9zdF9pZCI6IjUwOSIsImVuYWJsZV9odG1sIjoib2ZmIn19@\u00bb hover_enabled=\u00bb0&#8243; border_radii=\u00bbon|14px|14px|14px|14px\u00bb global_colors_info=\u00bb{%22gcid-a4fda198-bef7-493c-85aa-379acce5ffa5%22:%91%22background_color%22%93}\u00bb border_color_all__hover_enabled=\u00bbon|hover\u00bb border_width_all__hover_enabled=\u00bbon|hover\u00bb transform_styles__hover_enabled=\u00bbon|hover\u00bb transform_scale__hover_enabled=\u00bbon|hover\u00bb transform_translate__hover_enabled=\u00bbon|hover\u00bb transform_rotate__hover_enabled=\u00bbon|hover\u00bb transform_skew__hover_enabled=\u00bbon|hover\u00bb transform_origin__hover_enabled=\u00bbon|hover\u00bb transform_translate__hover=\u00bb0px|-3px\u00bb header_3_text_color__hover_enabled=\u00bbon|hover\u00bb header_3_text_color__hover=\u00bb#C8A977&#8243; background__hover_enabled=\u00bbon|hover\u00bb background_color__hover=\u00bb#FFFFFF\u00bb background_enable_color__hover=\u00bbon\u00bb sticky_enabled=\u00bb0&#8243;]<\/p>\n<h3>Informaci\u00f3n Institucional<\/h3>\n<p>[\/et_pb_text][\/et_pb_column][et_pb_column type=\u00bb1_3&#8243; _builder_version=\u00bb4.27.4&#8243; _module_preset=\u00bbdefault\u00bb global_colors_info=\u00bb{}\u00bb][et_pb_text _builder_version=\u00bb4.27.4&#8243; _dynamic_attributes=\u00bblink_option_url\u00bb _module_preset=\u00bbdefault\u00bb header_3_text_align=\u00bbcenter\u00bb header_3_text_color=\u00bb#C8A977&#8243; background_color=\u00bbgcid-a4fda198-bef7-493c-85aa-379acce5ffa5&#8243; transform_translate_linked=\u00bboff\u00bb custom_padding=\u00bb1em||0.5em||false|false\u00bb link_option_url=\u00bb@ET-DC@eyJkeW5hbWljIjp0cnVlLCJjb250ZW50IjoicG9zdF9saW5rX3VybF9wYWdlIiwic2V0dGluZ3MiOnsicG9zdF9pZCI6IjUwMyIsImVuYWJsZV9odG1sIjoib2ZmIn19@\u00bb hover_enabled=\u00bb0&#8243; border_radii=\u00bbon|14px|14px|14px|14px\u00bb global_colors_info=\u00bb{%22gcid-a4fda198-bef7-493c-85aa-379acce5ffa5%22:%91%22background_color%22%93}\u00bb border_color_all__hover_enabled=\u00bbon|hover\u00bb border_width_all__hover_enabled=\u00bbon|hover\u00bb transform_styles__hover_enabled=\u00bbon|desktop\u00bb transform_scale__hover_enabled=\u00bbon|hover\u00bb transform_translate__hover=\u00bb0px|-3px\u00bb transform_translate__hover_enabled=\u00bbon|desktop\u00bb transform_rotate__hover_enabled=\u00bbon|hover\u00bb transform_skew__hover_enabled=\u00bbon|hover\u00bb transform_origin__hover_enabled=\u00bbon|hover\u00bb header_3_text_color__hover_enabled=\u00bbon|hover\u00bb header_3_text_color__hover=\u00bb#C8A977&#8243; background__hover_enabled=\u00bbon|hover\u00bb background_color__hover=\u00bb#FFFFFF\u00bb background_enable_color__hover=\u00bbon\u00bb sticky_enabled=\u00bb0&#8243;]<\/p>\n<h3>Informaci\u00f3n Jur\u00eddica<\/h3>\n<p>[\/et_pb_text][\/et_pb_column][et_pb_column type=\u00bb1_3&#8243; _builder_version=\u00bb4.27.4&#8243; _module_preset=\u00bbdefault\u00bb global_colors_info=\u00bb{}\u00bb][et_pb_text _builder_version=\u00bb4.27.4&#8243; _dynamic_attributes=\u00bblink_option_url\u00bb _module_preset=\u00bbdefault\u00bb header_3_text_align=\u00bbcenter\u00bb header_3_text_color=\u00bb#C8A977&#8243; background_color=\u00bbgcid-a4fda198-bef7-493c-85aa-379acce5ffa5&#8243; transform_translate_linked=\u00bboff\u00bb custom_padding=\u00bb1em||0.5em||false|false\u00bb link_option_url=\u00bb@ET-DC@eyJkeW5hbWljIjp0cnVlLCJjb250ZW50IjoicG9zdF9saW5rX3VybF9wYWdlIiwic2V0dGluZ3MiOnsicG9zdF9pZCI6IjUwNiIsImVuYWJsZV9odG1sIjoib2ZmIn19@\u00bb hover_enabled=\u00bb0&#8243; border_radii=\u00bbon|14px|14px|14px|14px\u00bb global_colors_info=\u00bb{%22gcid-a4fda198-bef7-493c-85aa-379acce5ffa5%22:%91%22background_color%22%93}\u00bb border_color_all__hover_enabled=\u00bbon|hover\u00bb border_width_all__hover_enabled=\u00bbon|hover\u00bb transform_styles__hover_enabled=\u00bbon|hover\u00bb transform_scale__hover_enabled=\u00bbon|hover\u00bb transform_translate__hover=\u00bb0px|-3px\u00bb transform_translate__hover_enabled=\u00bbon|hover\u00bb transform_rotate__hover_enabled=\u00bbon|hover\u00bb transform_skew__hover_enabled=\u00bbon|hover\u00bb transform_origin__hover_enabled=\u00bbon|hover\u00bb header_3_text_color__hover_enabled=\u00bbon|hover\u00bb header_3_text_color__hover=\u00bb#C8A977&#8243; background__hover_enabled=\u00bbon|hover\u00bb background_color__hover=\u00bb#FFFFFF\u00bb background_enable_color__hover=\u00bbon\u00bb sticky_enabled=\u00bb0&#8243;]<\/p>\n<h3>Informaci\u00f3n Econ\u00f3mica<\/h3>\n<p>[\/et_pb_text][\/et_pb_column][\/et_pb_row][\/et_pb_section][et_pb_section fb_built=\u00bb1&#8243; _builder_version=\u00bb4.27.4&#8243; _module_preset=\u00bbdefault\u00bb background_color=\u00bbgcid-a4fda198-bef7-493c-85aa-379acce5ffa5&#8243; custom_margin=\u00bb0px||0px||false|false\u00bb custom_padding=\u00bb0px||0px||false|false\u00bb hover_enabled=\u00bb0&#8243; locked=\u00bboff\u00bb global_colors_info=\u00bb{%22gcid-a4fda198-bef7-493c-85aa-379acce5ffa5%22:%91%22background_color%22%93}\u00bb sticky_enabled=\u00bb0&#8243;][et_pb_row _builder_version=\u00bb4.27.4&#8243; _module_preset=\u00bbdefault\u00bb custom_margin=\u00bb1em||1em||false|false\u00bb custom_padding=\u00bb1em||1em||false|false\u00bb global_colors_info=\u00bb{}\u00bb][et_pb_column type=\u00bb4_4&#8243; _builder_version=\u00bb4.27.4&#8243; _module_preset=\u00bbdefault\u00bb global_colors_info=\u00bb{}\u00bb][et_pb_heading title=\u00bbOrganismos Relacionados\u00bb _builder_version=\u00bb4.27.4&#8243; _module_preset=\u00bbdefault\u00bb title_level=\u00bbh2&#8243; title_font=\u00bb|700|||||||\u00bb title_text_align=\u00bbcenter\u00bb title_text_color=\u00bb#3CB4E5&#8243; title_font_size=\u00bb34px\u00bb custom_margin=\u00bb0px||0px||true|false\u00bb custom_padding=\u00bb0px||0px||false|true\u00bb global_colors_info=\u00bb{}\u00bb][\/et_pb_heading][\/et_pb_column][\/et_pb_row][et_pb_row column_structure=\u00bb1_3,1_3,1_3&#8243; use_custom_gutter=\u00bbon\u00bb make_equal=\u00bbon\u00bb _builder_version=\u00bb4.27.4&#8243; _module_preset=\u00bbdefault\u00bb custom_margin=\u00bb0px||0px||false|false\u00bb custom_padding=\u00bb0px|0px|0px|0px|false|true\u00bb animation_style=\u00bbfade\u00bb locked=\u00bboff\u00bb global_colors_info=\u00bb{}\u00bb][et_pb_column type=\u00bb1_3&#8243; _builder_version=\u00bb4.27.4&#8243; _module_preset=\u00bbdefault\u00bb background_color=\u00bbRGBA(255,255,255,0)\u00bb custom_padding=\u00bb40px|0px|40px|0px|true|true\u00bb custom_padding_tablet=\u00bb30px|30px|30px|30px|true|true\u00bb custom_padding_phone=\u00bb20px|20px|20px|20px|true|true\u00bb custom_padding_last_edited=\u00bbon|desktop\u00bb animation_style=\u00bbfade\u00bb link_option_url=\u00bbhttps:\/\/atm.mendoza.gov.ar\/\u00bb border_radii=\u00bbon|10px|10px|10px|10px\u00bb border_color_all=\u00bb#3CB4E5&#8243; global_colors_info=\u00bb{}\u00bb background__hover_enabled=\u00bbon|hover\u00bb][et_pb_blurb title=\u00bbATM\u00bb use_icon=\u00bbon\u00bb font_icon=\u00bb&#xf111;||fa||400&#8243; image_icon_width=\u00bb55px\u00bb _builder_version=\u00bb4.27.4&#8243; _module_preset=\u00bbdefault\u00bb header_level=\u00bbh3&#8243; header_text_align=\u00bbcenter\u00bb header_text_color=\u00bb#3CB4E5&#8243; background_color=\u00bb#FFFFFF\u00bb min_height=\u00bb198px\u00bb custom_padding=\u00bb2em|1em|2em|1em|true|true\u00bb border_radii=\u00bbon|14px|14px|14px|14px\u00bb border_width_all=\u00bb3px\u00bb border_color_all=\u00bb#3CB4E5&#8243; global_colors_info=\u00bb{}\u00bb icon_color__hover_enabled=\u00bbon|hover\u00bb icon_color__hover=\u00bb#FFFFFF\u00bb header_text_color__hover_enabled=\u00bbon|hover\u00bb header_text_color__hover=\u00bb#FFFFFF\u00bb background_color__hover=\u00bb#3CB4E5&#8243; background_enable_color__hover=\u00bbon\u00bb border_color_all__hover_enabled=\u00bbon|desktop\u00bb border_color_all__hover=\u00bb#3CB4E5&#8243; background__hover_enabled=\u00bbon|hover\u00bb][\/et_pb_blurb][\/et_pb_column][et_pb_column type=\u00bb1_3&#8243; _builder_version=\u00bb4.27.4&#8243; _module_preset=\u00bbdefault\u00bb background_color=\u00bbRGBA(255,255,255,0)\u00bb custom_padding=\u00bb40px|0px|40px|0px|true|true\u00bb custom_padding_tablet=\u00bb30px|30px|30px|30px|true|true\u00bb custom_padding_phone=\u00bb20px|20px|20px|20px|true|true\u00bb custom_padding_last_edited=\u00bbon|desktop\u00bb animation_style=\u00bbfade\u00bb link_option_url=\u00bbhttps:\/\/www.mendoza.gov.ar\/ufi\/\u00bb border_radii=\u00bbon|10px|10px|10px|10px\u00bb border_color_all=\u00bb#3CB4E5&#8243; global_colors_info=\u00bb{}\u00bb background__hover_enabled=\u00bbon|hover\u00bb][et_pb_blurb title=\u00bbUFI\u00bb use_icon=\u00bbon\u00bb font_icon=\u00bb&#xe0f3;||divi||400&#8243; image_icon_width=\u00bb55px\u00bb _builder_version=\u00bb4.27.4&#8243; _module_preset=\u00bbdefault\u00bb header_level=\u00bbh3&#8243; header_text_align=\u00bbcenter\u00bb header_text_color=\u00bb#3CB4E5&#8243; background_color=\u00bb#FFFFFF\u00bb min_height=\u00bb198px\u00bb custom_padding=\u00bb2em|1em|2em|1em|true|true\u00bb border_radii=\u00bbon|14px|14px|14px|14px\u00bb border_width_all=\u00bb3px\u00bb border_color_all=\u00bb#3CB4E5&#8243; global_colors_info=\u00bb{}\u00bb icon_color__hover_enabled=\u00bbon|hover\u00bb icon_color__hover=\u00bb#FFFFFF\u00bb header_text_color__hover_enabled=\u00bbon|hover\u00bb header_text_color__hover=\u00bb#FFFFFF\u00bb background_color__hover=\u00bb#3CB4E5&#8243; background_enable_color__hover=\u00bbon\u00bb border_color_all__hover_enabled=\u00bbon|desktop\u00bb border_color_all__hover=\u00bb#3CB4E5&#8243; background__hover_enabled=\u00bbon|hover\u00bb][\/et_pb_blurb][\/et_pb_column][et_pb_column type=\u00bb1_3&#8243; _builder_version=\u00bb4.27.4&#8243; _module_preset=\u00bbdefault\u00bb custom_padding=\u00bb40px|0px|40px|0px|true|true\u00bb custom_padding_tablet=\u00bb30px|30px|30px|30px|true|true\u00bb custom_padding_phone=\u00bb20px|20px|20px|20px|true|true\u00bb custom_padding_last_edited=\u00bbon|desktop\u00bb animation_style=\u00bbfade\u00bb link_option_url=\u00bbhttps:\/\/www.mendoza.gov.ar\/ambiente\/\u00bb border_radii=\u00bbon|10px|10px|10px|10px\u00bb border_color_all=\u00bb#3CB4E5&#8243; global_colors_info=\u00bb{}\u00bb background__hover_enabled=\u00bbon|hover\u00bb][et_pb_blurb title=\u00bbSubsecretar\u00eda de Ambiente\u00bb use_icon=\u00bbon\u00bb font_icon=\u00bb&#xf06c;||fa||900&#8243; image_icon_width=\u00bb55px\u00bb _builder_version=\u00bb4.27.4&#8243; _module_preset=\u00bbdefault\u00bb header_level=\u00bbh3&#8243; header_text_align=\u00bbcenter\u00bb header_text_color=\u00bb#3CB4E5&#8243; background_color=\u00bb#FFFFFF\u00bb min_height=\u00bb198px\u00bb custom_padding=\u00bb2em|1em|2em|1em|true|true\u00bb border_radii=\u00bbon|14px|14px|14px|14px\u00bb border_width_all=\u00bb3px\u00bb border_color_all=\u00bb#3CB4E5&#8243; global_colors_info=\u00bb{}\u00bb icon_color__hover_enabled=\u00bbon|hover\u00bb icon_color__hover=\u00bb#FFFFFF\u00bb header_text_color__hover_enabled=\u00bbon|hover\u00bb header_text_color__hover=\u00bb#FFFFFF\u00bb background_color__hover=\u00bb#3CB4E5&#8243; background_enable_color__hover=\u00bbon\u00bb border_color_all__hover_enabled=\u00bbon|desktop\u00bb border_color_all__hover=\u00bb#3CB4E5&#8243; background__hover_enabled=\u00bbon|hover\u00bb][\/et_pb_blurb][\/et_pb_column][\/et_pb_row][\/et_pb_section]<\/p>\n","protected":false},"excerpt":{"rendered":"<p>Ingeniero Osvaldo Romagnoli Administrador General Somos una herramienta esencial para Mendoza y los mendocinos. Somos la Repartici\u00f3n estatal que planifica, proyecta y construye las rutas de jurisdicci\u00f3n provincial; la que abre y mantiene caminos pavimentados y de suelo natural en el campo, en los desiertos y en las monta\u00f1as para que la producci\u00f3n, el comercio, [&hellip;]<\/p>\n","protected":false},"author":60,"featured_media":0,"parent":0,"menu_order":0,"comment_status":"closed","ping_status":"closed","template":"","meta":{"_et_pb_use_builder":"on","_et_pb_old_content":"","_et_gb_content_width":"","footnotes":""},"class_list":["post-513","page","type-page","status-publish","hentry"],"_links":{"self":[{"href":"https:\/\/informacionoficial.mendoza.gob.ar\/vialidad\/wp-json\/wp\/v2\/pages\/513","targetHints":{"allow":["GET"]}}],"collection":[{"href":"https:\/\/informacionoficial.mendoza.gob.ar\/vialidad\/wp-json\/wp\/v2\/pages"}],"about":[{"href":"https:\/\/informacionoficial.mendoza.gob.ar\/vialidad\/wp-json\/wp\/v2\/types\/page"}],"author":[{"embeddable":true,"href":"https:\/\/informacionoficial.mendoza.gob.ar\/vialidad\/wp-json\/wp\/v2\/users\/60"}],"replies":[{"embeddable":true,"href":"https:\/\/informacionoficial.mendoza.gob.ar\/vialidad\/wp-json\/wp\/v2\/comments?post=513"}],"version-history":[{"count":26,"href":"https:\/\/informacionoficial.mendoza.gob.ar\/vialidad\/wp-json\/wp\/v2\/pages\/513\/revisions"}],"predecessor-version":[{"id":2034,"href":"https:\/\/informacionoficial.mendoza.gob.ar\/vialidad\/wp-json\/wp\/v2\/pages\/513\/revisions\/2034"}],"wp:attachment":[{"href":"https:\/\/informacionoficial.mendoza.gob.ar\/vialidad\/wp-json\/wp\/v2\/media?parent=513"}],"curies":[{"name":"wp","href":"https:\/\/api.w.org\/{rel}","templated":true}]}}